{"id":108,"date":"2018-10-25T13:14:24","date_gmt":"2018-10-25T13:14:24","guid":{"rendered":"http:\/\/www.sbn-media.de\/?page_id=108"},"modified":"2018-10-25T16:03:37","modified_gmt":"2018-10-25T16:03:37","slug":"datenschutz","status":"publish","type":"page","link":"https:\/\/www.sbn-media.de\/index.php\/datenschutz\/","title":{"rendered":"Datenschutz"},"content":{"rendered":"<p lang=\"de\">Der Schutz Ihrer personenbezogenen Daten anl\u00e4sslich Ihres Besuchs auf unserer Webseite ist uns ein wichtiges Anliegen. Personenbezogene Daten werden nur, soweit hierf\u00fcr ein entsprechender Zweck und eine entsprechende Rechtsgrundlage bestehen, erhoben und verarbeitet. Die Datenverarbeitung erfolgt auf Grundlage der nachfolgenden Informationen und unter Einhaltung der gesetzlichen Vorschriften. Nachfolgend informieren wir Sie insbesondere dar\u00fcber, welche personenbezogenen Daten w\u00e4hrend Ihres Besuchs auf unserer Internetseite erhoben werden, zu welchem Zweck diese gespeichert oder verarbeitet werden und ob bzw. an wen Daten \u00fcbermittelt werden. Au\u00dferdem informieren wir Sie nachfolgend \u00fcber die Dauer und die Rechtsgrundlage f\u00fcr die Datenverarbeitung sowie \u00fcber die Ihnen zustehenden Rechte (&#8222;Betroffenenrechte&#8220;).<\/p>\n<h4 lang=\"de\">\u00a7 1 Allgemeine Information \u00fcber die Erhebung und Verarbeitung personenbezogener Daten<\/h4>\n<p lang=\"de\">(1) Personenbezogene Daten sind insbesondere solche Daten und Informationen, die Sie identifizieren oder identifizierbar machen (wie beispielsweise Name, Adresse etc.) oder sich &#8211; soweit Sie identifiziert oder identifizierbar sind &#8211; auf Sie pers\u00f6nlich beziehen (wie z.B. Nutzername, E-Mail-Adresse, Nutzerverhalten, Geo-Daten etc.).<br \/>\n(2) Ihre personenbezogenen Daten werden von uns gem\u00e4\u00df den g\u00fcltigen Datenschutzvorschriften und gem\u00e4\u00df dieser Datenschutzerkl\u00e4rung verarbeitet. Soweit wir auf unserer Website personenbezogene Daten erheben, speichern oder anderweitig verarbeiten, informieren wir Sie nachfolgend im Detail \u00fcber die jeweiligen datenverarbeitenden Vorg\u00e4nge, insbesondere \u00fcber den Umfang, Zweck, die gesetzliche Grundlage und die festgelegten Kriterien der Speicherdauer. Wir erheben, speichern und verarbeiten personenbezogene Daten nur, wenn und soweit ein Gesetz dies erlaubt oder Sie darin eingewilligt haben.<br \/>\n(3) Unsere Website nutzt aus Sicherheitsgr\u00fcnden und zum Schutz bei der \u00dcbertragung von Daten eine SSL-Verschl\u00fcsselung (Secure Socket Layer). Ob eine einzelne Seite unseres Internetauftrittes verschl\u00fcsselt \u00fcbertragen wird, erkennen Sie an der geschlossenen Darstellung des Sch\u00fcssel- beziehungsweise Schloss-Symbols in der Browserzeile bzw. der Statusleiste Ihres Browsers sowie an der Zeichenfolge \u201ehttps:\/\/\u201c in Ihrer Browserzeile (URL).<\/p>\n<h4 lang=\"de\">\u00a7 2 Name und Kontaktdaten des f\u00fcr die Verarbeitung Verantwortlichen<\/h4>\n<p lang=\"de\">Verantwortliche Stelle im Sinne des Art. 4 Abs. 7 EU-Datenschutz-Grundverordnung (DS-GVO):<\/p>\n<p>SBN Media Services GmbH<\/p>\n<p lang=\"de\">Hauptstr. 6a<br \/>\n83553 Frauenneuharting (Deutschland)<br \/>\nEmail: sabine.kobrow[at]sbn-media.de<\/p>\n<h4 lang=\"de\">\u00a7 3 Erhebung und Verarbeitung personenbezogener Daten beim Besuch unserer Website (Website-Zugriffsdaten und \u201eLogfiles\u201c)<\/h4>\n<p lang=\"de\">(1) Bei Aufruf bzw. dem Besuch unserer Website, erheben wir durch den Anbieter der Internetdienste (Website-Provider bzw. Hoster) die Daten, die Ihr Browser an unseren Server automatisch \u00fcbermittelt (sog. \u201eServer-Logfiles\u201c). Dabei werden beispielsweise die folgenden Daten erfasst:<\/p>\n<ul lang=\"de\">\n<li>IP-Adresse<\/li>\n<li>Datum und Uhrzeit der Anfrage bzw. Zeitpunkt des Website-Besuchs<\/li>\n<li>verwendeter Browser inkl. Browser-Version<\/li>\n<li>verwendetes Betriebssystem inkl. Betriebssystem-Version<\/li>\n<li>Einstiegsseite<\/li>\n<\/ul>\n<p lang=\"de\">(2) Diese Daten sind technisch erforderlich, um die Website bereitzustellen und sie Ihnen anzuzeigen und um eine komfortable Nutzung der Website zu gew\u00e4hrleisten. Zudem dienen sie zu statistischen und administrativen Zwecken (z. B. zur Auswertung der Systemsicherheit und -stabilit\u00e4t), um unser Angebot auf der Website zu verbessern sowie, um deren Stabilit\u00e4t und Sicherheit zu gew\u00e4hrleisten und ggf. eine Fehlerermittlung durchf\u00fchren zu k\u00f6nnen oder Missbrauchs- oder Betrugshandlungen aufkl\u00e4ren zu k\u00f6nnen. Wir behalten uns insoweit vor, die Server-Logfiles nachtr\u00e4glich zu \u00fcberpr\u00fcfen, sollten konkrete Anhaltspunkte daf\u00fcr bestehen, dass eine rechtswidrige Nutzung stattfindet oder stattgefunden hat. Des Weiteren dienen diese Daten dazu, den Strafverfolgungsbeh\u00f6rden im Falle eines Cyberangriffs die zur Strafverfolgung notwendigen Informationen zur Verf\u00fcgung stellen zu k\u00f6nnen.<br \/>\n(3) Rechtsgrundlage f\u00fcr die Datenverarbeitung ist Art. 6 Abs. 1 S. 1 lit. f DS-GVO. Unser berechtigtes Interesse folgt aus den oben genannten Zwecken. In keinem Fall verwenden wir die erhobenen Daten zu dem Zweck, R\u00fcckschl\u00fcsse auf Ihre Person zu ziehen.<br \/>\n(4) Soweit dar\u00fcber hinaus beim Besuch unserer Website sog. Cookies zum Einsatz kommen, finden Sie n\u00e4here Erl\u00e4uterungen dazu nachfolgend.<\/p>\n<h4 lang=\"de\">\u00a7 4 Kontaktaufnahme per E-Mail<\/h4>\n<p lang=\"de\">(1) Wir bieten Ihnen die M\u00f6glichkeit, mit uns per E-Mail Kontakt aufzunehmen. Bei Ihrer Kontaktaufnahme per E-Mail werden die uns von Ihnen mitgeteilten Daten (z. B. Ihre E-Mail-Adresse, ggf. Ihr Name und Ihre Telefonnummer) von uns gespeichert. Weitere Angaben k\u00f6nnen von Ihnen freiwillig get\u00e4tigt werden.<br \/>\n(2) Die Verarbeitung der uns von Ihnen mitgeteilten Daten ist erforderlich, damit wir wissen, von wem die Anfrage stammt und damit wir Sie bezogen auf Ihre Kontaktaufnahme kontaktieren und ggf. Ihre Frage beantworten k\u00f6nnen. Die Datenverarbeitung erfolgt auf Ihre Anfrage hin zum Zwecke der Kontaktaufnahme, zur Beantwortung Ihres Anliegens, zu Zwecken der Vertragsanbahnung sowie zu Zwecken des Software-Supports und nur, soweit sie daf\u00fcr erforderlich ist. Rechtsgrundlage ist, soweit die Verarbeitung zu Zwecken der Vertragsanbahnung oder Vertragserf\u00fcllung sowie zu Support-Zwecken erfolgt, Art. 6 Abs. 1 S. 1 lit. b DS-GVO. Soweit die Verarbeitung der uns von Ihnen mitgeteilten personenbezogenen Daten zum Zwecke der Kontaktaufnahme, zur Beantwortung Ihres Anliegens erfolgt, erfolgt sie aufgrund eines berechtigten Interesses, n\u00e4mlich unserem Interesse daran, Ihre Anfrage zu beantworten. Rechtsgrundlage ist dann Art. 6 Abs. 1 lit. f DS-GVO. Falls sich aus Ihrer Anfrage oder der Beantwortung Ihrer Anfrage Anspr\u00fcche unsererseits oder Ihrerseits bzw. eine Haftung unsererseits ergeben k\u00f6nnen, speichern wir die zu Grunde liegenden Daten zum Zwecke der Geltendmachung oder Abwehr von Rechtsanspr\u00fcchen und aufgrund eines berechtigten Interesses daran. Rechtsgrundlage ist dann Art. 6 Abs. 1 lit. f DS-GVO.<br \/>\n(3) Die von Ihnen an uns bei Ihrer Kontaktaufnahme \u00fcbermittelten personenbezogenen Daten l\u00f6schen wir, nachdem die Speicherung nicht mehr erforderlich ist. Dies ist beispielsweise nach abschlie\u00dfender Erledigung der von Ihnen gestellten Anfrage der Fall. Eine abschlie\u00dfende Erledigung liegt insbesondere vor, wenn sich aus den Umst\u00e4nden erkennen l\u00e4sst, dass Ihre Anfrage und der zu Grunde liegende Sachverhalt abschlie\u00dfend gekl\u00e4rt sind und die Daten f\u00fcr weitere R\u00fcckfragen, eine Vertragsanbahnung oder Vertragserf\u00fcllung nicht oder nicht mehr erforderlich sind. Falls (daneben) gesetzliche Aufbewahrungspflichten bestehen, speichern wir die Daten f\u00fcr die Dauer der Aufbewahrungspflicht. Sofern wir die Daten nur aufgrund bestehender gesetzlicher Aufbewahrungspflichten speichern, verarbeiten wir die Daten nur f\u00fcr diesen Zweck (Einschr\u00e4nkung der Verarbeitung).<br \/>\n(4) Falls sich aus Ihrer Anfrage oder der Beantwortung Ihrer Anfrage Anspr\u00fcche unsererseits oder Ihrerseits bzw. eine Haftung unsererseits ergeben k\u00f6nnen, speichern wir die zu Grunde liegenden Daten f\u00fcr die Dauer der Verj\u00e4hrungsfristen etwaiger Rechtsanspr\u00fcche, die bei Schadensersatzanspr\u00fcchen bis zu 30 Jahre betragen.<\/p>\n<h4 lang=\"de\">\u00a7 5 Daten\u00fcbermittlung<\/h4>\n<p lang=\"de\">(1) Personenbezogene Daten werden von uns nur ausnahmsweise dann an Dritte \u00fcbermittelt, wenn dies im Rahmen der Vertragsanbahnung oder zum Zwecke der Abwicklung eines mit Ihnen geschlossenen Vertrages erforderlich ist. Gesetzliche Grundlage daf\u00fcr ist Art. 6 Abs. 1 S. 1 lit. b DS-GVO.<br \/>\n(2) Dar\u00fcber hinaus werden keine Daten an Dritte \u00fcbermittelt, es sei denn<\/p>\n<ul lang=\"de\">\n<li>Sie haben dazu eine ausdr\u00fcckliche Einwilligung erteilt (Einwilligung gem. Art. 6 Abs. 1 S. 1 lit. a oder Art. 9 Abs. 2 lit. a DS-GVO);<\/li>\n<li>die Weitergabe ist nach Art. 6 Abs. 1 S. 1 lit. f DS-GVO zur Geltendmachung, Aus\u00fcbung oder Verteidigung von Rechtsanspr\u00fcchen erforderlich und es besteht kein Grund zur Annahme, dass Sie ein \u00fcberwiegendes schutzw\u00fcrdiges Interesse an der Nichtweitergabe Ihrer Daten haben (Beispiel: Wir schalten zur Durchsetzung unserer Rechte Dritte (z. B. Rechtsanw\u00e4lte) ein, die einer beruflichen Verschwiegenheitspflicht unterliegen);<\/li>\n<li>f\u00fcr die Weitergabe von Daten besteht nach Art. 6 Abs. 1 S. 1 lit. c DS-GVO eine gesetzliche Verpflichtung, der wir unterliegen.<\/li>\n<\/ul>\n<h4 lang=\"de\">\u00a7 6 Ihre Rechte (sog. \u201eBetroffenenrechte\u201c)<\/h4>\n<p lang=\"de\">(1) Nachstehend informieren wir Sie \u00fcber die Ihnen uns gegen\u00fcber zustehenden Betroffenenrechte. Folgende Rechte stehen Ihnen gegen\u00fcber dem Verantwortlichen hinsichtlich der Verarbeitung der Sie betreffenden personenbezogenen Daten zu:<\/p>\n<ul lang=\"de\">\n<li>Recht auf Auskunft (Art. 15 DS-GVO). Insbesondere k\u00f6nnen Sie Auskunft \u00fcber die Verarbeitungszwecke, die Kategorie der personenbezogenen Daten, die Kategorien von Empf\u00e4ngern, gegen\u00fcber denen Ihre Daten offengelegt wurden oder werden, die geplante Speicherdauer, das Bestehen eines Rechts auf Berichtigung, L\u00f6schung, Einschr\u00e4nkung der Verarbeitung oder Widerspruch, das Bestehen eines Beschwerderechts, die Herkunft ihrer Daten, sofern diese nicht bei uns erhoben wurden, sowie \u00fcber das Bestehen einer automatisierten Entscheidungsfindung einschlie\u00dflich Profiling und ggf. aussagekr\u00e4ftigen Informationen zu deren Einzelheiten verlangen;<\/li>\n<li>Recht auf Berichtigung (Art. 16 DS-GVO). Sie haben das Recht die unverz\u00fcgliche Berichtigung Sie betreffender unrichtiger Daten und\/oder Vervollst\u00e4ndigung Ihrer bei uns gespeicherten unvollst\u00e4ndigen Daten zu verlangen;<\/li>\n<li>Recht auf L\u00f6schung (Art. 17 DS-GVO). Sie haben das Recht, die L\u00f6schung Ihrer bei uns gespeicherten personenbezogenen Daten bei Vorliegen der Voraussetzungen des Art. 17 Abs. 1 DSGVO zu verlangen, soweit die Verarbeitung der personenbezogenen Daten nicht zur Aus\u00fcbung des Rechts auf freie Meinungs\u00e4u\u00dferung und Information, zur Erf\u00fcllung einer rechtlichen Verpflichtung, aus Gr\u00fcnden des \u00f6ffentlichen Interesses oder zur Geltendmachung, Aus\u00fcbung oder Verteidigung von Rechtsanspr\u00fcchen erforderlich ist;<\/li>\n<li>Recht auf Einschr\u00e4nkung der Verarbeitung (Art. 18 DS-GVO). Sie haben das Recht die Einschr\u00e4nkung der Verarbeitung Ihrer personenbezogenen Daten zu verlangen, soweit die Richtigkeit der Daten von Ihnen bestritten wird, die Verarbeitung unrechtm\u00e4\u00dfig ist, Sie aber deren L\u00f6schung ablehnen und wir die Daten nicht mehr ben\u00f6tigen, Sie jedoch diese zur Geltendmachung, Aus\u00fcbung oder Verteidigung von Rechtsanspr\u00fcchen ben\u00f6tigen oder Sie gem\u00e4\u00df Art. 21 DSGVO Widerspruch gegen die Verarbeitung eingelegt haben;<\/li>\n<li>Recht auf Daten\u00fcbertragbarkeit (Art. 20 DS-GVO). Sie haben das Recht, Ihre personenbezogenen Daten, die Sie uns bereitgestellt haben, in einem strukturierten, g\u00e4ngigen und maschinenlesebaren Format zu erhalten oder die \u00dcbermittlung an einen anderen Verantwortlichen zu verlangen, soweit dies technisch machbar d. h. m\u00f6glich und zumutbar ist;<\/li>\n<li>Recht auf Widerruf einer einmal erteilten Einwilligung (Art. 7 Abs. 3 DS-GVO). Sie haben das Recht, eine einmal erteilte Einwilligung in die Verarbeitung von Daten jederzeit mit Wirkung f\u00fcr die Zukunft zu widerrufen. Dies hat zur Folge, dass wir die Datenverarbeitung, die auf dieser Einwilligung beruhte, f\u00fcr die Zukunft nicht mehr fortf\u00fchren d\u00fcrfen.<\/li>\n<\/ul>\n<p><span lang=\"de\">(2) Sie haben ferner ein Beschwerderecht, sich bei einer Datenschutz-Aufsichtsbeh\u00f6rde \u00fcber die Verarbeitung Ihrer personenbezogenen Daten durch uns zu beschweren (Art. 77 DS-GVO).<br \/>\n(3) Bei Fragen zur Erhebung, Verarbeitung oder Nutzung Ihrer personenbezogenen Daten, f\u00fcr Ausk\u00fcnfte, f\u00fcr die Berichtigung, Sperrung oder L\u00f6schung von Daten sowie zum Widerruf ggf. erteilter Einwilligungen wenden Sie sich bitte per E-Mail an: sabine.kobrow[at]sbn-media.de<\/span><\/p>\n<h4 lang=\"de\">\u00a7 7 Widerspruchsrecht<\/h4>\n<p lang=\"de\">(1) Sofern wir personenbezogene Daten aufgrund \u00fcberwiegender berechtigter Interessen (Art. 6 Abs. 1 S. 1 lit. f DS-GVO) verarbeiten, haben Sie das Recht, gem\u00e4\u00df Art. 21 DS-GVO Widerspruch gegen diese Verarbeitung einzulegen, soweit daf\u00fcr Gr\u00fcnde vorliegen, die sich aus Ihrer besonderen Situation ergeben oder sich der Widerspruch gegen Direktwerbung richtet. Der Widerspruch entfaltet Wirkung f\u00fcr die Zukunft.<br \/>\n(2) M\u00f6chten Sie von Ihrem Widerspruchsrecht Gebrauch machen, gen\u00fcgt eine E-Mail an postmaster[at]kobrow-musikverlag.de<br \/>\n(3) Machen Sie von Ihrem Widerspruchsrecht Gebrauch, stellen wir die Verarbeitung der betroffenen Daten umgehend ein. Jedoch behalten wir uns die Weiterverarbeitung vor, sofern wir schutzw\u00fcrdige Gr\u00fcnde f\u00fcr die Verarbeitung nachweisen k\u00f6nnen oder die Verarbeitung der Geltendmachung, Aus\u00fcbung oder Verteidigung von Rechtsanspr\u00fcchen dient.<\/p>\n<h4 lang=\"de\">\u00a7 8 Dauer der Speicherung und L\u00f6schung personenbezogener Daten<\/h4>\n<p lang=\"de\">(1) Wir speichern und verarbeiten personenbezogene Daten &#8211; soweit oben unter der jeweiligen \u00dcberschrift nicht anders angegeben &#8211; grunds\u00e4tzlich nur f\u00fcr den Zeitraum, der f\u00fcr die Erreichung des Speicherungszwecks (z. B. Vertragsanbahnung, Vertragserf\u00fcllung etc.) erforderlich ist. Daneben speichern und verarbeiten wir personenbezogene Daten nur f\u00fcr den Zeitraum, f\u00fcr den wir diese zur Vertragserf\u00fcllung ben\u00f6tigen oder ein berechtigtes Interesse, welches beispielsweise in der Geltendmachung oder Abwehr von Rechtsanspr\u00fcchen (z. B. Gew\u00e4hrleistungs- oder Schadensersatzanspr\u00fcche) liegen kann, daran haben. Daneben speichern und verarbeiten wir personenbezogene Daten nur f\u00fcr den Zeitraum, f\u00fcr den dies zur Erf\u00fcllung einer rechtlichen Verpflichtung, der wir unterliegen (z. B. zur Einhaltung gesetzlicher Aufbewahrungsfristen) erforderlich ist. Beispielsweise speichern wir Daten aufgrund von handels- und steuerrechtlicher Aufbewahrungsfristen nach der Abgabenordnung bis zu 10 Jahre lang.<br \/>\n(2) Kriterien f\u00fcr die Festlegung der Dauer der Speicherung von personenbezogenen Daten sind die Zweckerforderlichkeit, die Erforderlichkeit zur Vertragserf\u00fcllung, das Bestehen rechtlicher Pflichten zur Speicherung (z. B. die Dauer des Bestehens gesetzlicher Aufbewahrungsfristen) sowie das Bestehen eines rechtlichen Interesses (z. B. f\u00fcr die Dauer der Verj\u00e4hrungsfristen etwaiger Rechtsanspr\u00fcche, die geltend gemacht oder abgewehrt werden sollen).<br \/>\n(3) Entf\u00e4llt der Speicherungszweck, was insbesondere der Fall ist, wenn personenbezogene Daten nicht (mehr) zur Vertragserf\u00fcllung ben\u00f6tigt werden oder kein rechtliches Interesse mehr an der Speicherung bzw. bestehen Verarbeitung der Daten (mehr) besteht oder keine rechtlichen Pflichten zur Speicherung (mehr) bestehen oder die gesetzlichen Aufbewahrungsfristen verstrichen sind, werden die personenbezogenen Daten routinem\u00e4\u00dfig, sofern Sie der weitergehenden Verarbeitung oder Nutzung nicht zugestimmt haben. Wir \u00fcberpr\u00fcfen die Erforderlichkeit der Speicherung routinem\u00e4\u00dfig alle zwei Jahre.<\/p>\n","protected":false},"excerpt":{"rendered":"<p>Der Schutz Ihrer personenbezogenen Daten anl\u00e4sslich Ihres Besuchs auf unserer Webseite ist uns ein wichtiges Anliegen. Personenbezogene Daten werden nur, soweit hierf\u00fcr ein entsprechender Zweck und eine entsprechende Rechtsgrundlage bestehen, erhoben und verarbeitet. Die Datenverarbeitung erfolgt auf Grundlage der nachfolgenden Informationen und unter Einhaltung der gesetzlichen Vorschriften. Nachfolgend informieren wir Sie insbesondere dar\u00fcber, welche personenbezogenen &hellip; <\/p>\n<p class=\"link-more\"><a href=\"https:\/\/www.sbn-media.de\/index.php\/datenschutz\/\" class=\"more-link\"><span class=\"screen-reader-text\">\u201eDatenschutz\u201c<\/span> weiterlesen<\/a><\/p>\n","protected":false},"author":1,"featured_media":0,"parent":0,"menu_order":0,"comment_status":"closed","ping_status":"closed","template":"","meta":[],"yoast_head":"<!-- This site is optimized with the Yoast SEO plugin v21.1 - https:\/\/yoast.com\/wordpress\/plugins\/seo\/ -->\n<title>Datenschutz - SBN Media Services<\/title>\n<meta name=\"robots\" content=\"index, follow, max-snippet:-1, max-image-preview:large, max-video-preview:-1\" \/>\n<link rel=\"canonical\" href=\"https:\/\/www.sbn-media.de\/index.php\/datenschutz\/\" \/>\n<meta property=\"og:locale\" content=\"de_DE\" \/>\n<meta property=\"og:type\" content=\"article\" \/>\n<meta property=\"og:title\" content=\"Datenschutz - SBN Media Services\" \/>\n<meta property=\"og:description\" content=\"Der Schutz Ihrer personenbezogenen Daten anl\u00e4sslich Ihres Besuchs auf unserer Webseite ist uns ein wichtiges Anliegen. Personenbezogene Daten werden nur, soweit hierf\u00fcr ein entsprechender Zweck und eine entsprechende Rechtsgrundlage bestehen, erhoben und verarbeitet. Die Datenverarbeitung erfolgt auf Grundlage der nachfolgenden Informationen und unter Einhaltung der gesetzlichen Vorschriften. Nachfolgend informieren wir Sie insbesondere dar\u00fcber, welche personenbezogenen &hellip; \u201eDatenschutz\u201c weiterlesen\" \/>\n<meta property=\"og:url\" content=\"https:\/\/www.sbn-media.de\/index.php\/datenschutz\/\" \/>\n<meta property=\"og:site_name\" content=\"SBN Media Services\" \/>\n<meta property=\"article:modified_time\" content=\"2018-10-25T16:03:37+00:00\" \/>\n<meta name=\"twitter:card\" content=\"summary_large_image\" \/>\n<meta name=\"twitter:label1\" content=\"Gesch\u00e4tzte Lesezeit\" \/>\n\t<meta name=\"twitter:data1\" content=\"10 Minuten\" \/>\n<script type=\"application\/ld+json\" class=\"yoast-schema-graph\">{\"@context\":\"https:\/\/schema.org\",\"@graph\":[{\"@type\":\"WebPage\",\"@id\":\"https:\/\/www.sbn-media.de\/index.php\/datenschutz\/\",\"url\":\"https:\/\/www.sbn-media.de\/index.php\/datenschutz\/\",\"name\":\"Datenschutz - SBN Media Services\",\"isPartOf\":{\"@id\":\"https:\/\/www.sbn-media.de\/#website\"},\"datePublished\":\"2018-10-25T13:14:24+00:00\",\"dateModified\":\"2018-10-25T16:03:37+00:00\",\"breadcrumb\":{\"@id\":\"https:\/\/www.sbn-media.de\/index.php\/datenschutz\/#breadcrumb\"},\"inLanguage\":\"de-DE\",\"potentialAction\":[{\"@type\":\"ReadAction\",\"target\":[\"https:\/\/www.sbn-media.de\/index.php\/datenschutz\/\"]}]},{\"@type\":\"BreadcrumbList\",\"@id\":\"https:\/\/www.sbn-media.de\/index.php\/datenschutz\/#breadcrumb\",\"itemListElement\":[{\"@type\":\"ListItem\",\"position\":1,\"name\":\"Startseite\",\"item\":\"https:\/\/www.sbn-media.de\/\"},{\"@type\":\"ListItem\",\"position\":2,\"name\":\"Datenschutz\"}]},{\"@type\":\"WebSite\",\"@id\":\"https:\/\/www.sbn-media.de\/#website\",\"url\":\"https:\/\/www.sbn-media.de\/\",\"name\":\"SBN Media Services\",\"description\":\"Der Dienstleister f\u00fcr Filmschaffende und K\u00fcnstler\",\"potentialAction\":[{\"@type\":\"SearchAction\",\"target\":{\"@type\":\"EntryPoint\",\"urlTemplate\":\"https:\/\/www.sbn-media.de\/?s={search_term_string}\"},\"query-input\":\"required name=search_term_string\"}],\"inLanguage\":\"de-DE\"}]}<\/script>\n<!-- \/ Yoast SEO plugin. -->","yoast_head_json":{"title":"Datenschutz - SBN Media Services","robots":{"index":"index","follow":"follow","max-snippet":"max-snippet:-1","max-image-preview":"max-image-preview:large","max-video-preview":"max-video-preview:-1"},"canonical":"https:\/\/www.sbn-media.de\/index.php\/datenschutz\/","og_locale":"de_DE","og_type":"article","og_title":"Datenschutz - SBN Media Services","og_description":"Der Schutz Ihrer personenbezogenen Daten anl\u00e4sslich Ihres Besuchs auf unserer Webseite ist uns ein wichtiges Anliegen. Personenbezogene Daten werden nur, soweit hierf\u00fcr ein entsprechender Zweck und eine entsprechende Rechtsgrundlage bestehen, erhoben und verarbeitet. Die Datenverarbeitung erfolgt auf Grundlage der nachfolgenden Informationen und unter Einhaltung der gesetzlichen Vorschriften. Nachfolgend informieren wir Sie insbesondere dar\u00fcber, welche personenbezogenen &hellip; \u201eDatenschutz\u201c weiterlesen","og_url":"https:\/\/www.sbn-media.de\/index.php\/datenschutz\/","og_site_name":"SBN Media Services","article_modified_time":"2018-10-25T16:03:37+00:00","twitter_card":"summary_large_image","twitter_misc":{"Gesch\u00e4tzte Lesezeit":"10 Minuten"},"schema":{"@context":"https:\/\/schema.org","@graph":[{"@type":"WebPage","@id":"https:\/\/www.sbn-media.de\/index.php\/datenschutz\/","url":"https:\/\/www.sbn-media.de\/index.php\/datenschutz\/","name":"Datenschutz - SBN Media Services","isPartOf":{"@id":"https:\/\/www.sbn-media.de\/#website"},"datePublished":"2018-10-25T13:14:24+00:00","dateModified":"2018-10-25T16:03:37+00:00","breadcrumb":{"@id":"https:\/\/www.sbn-media.de\/index.php\/datenschutz\/#breadcrumb"},"inLanguage":"de-DE","potentialAction":[{"@type":"ReadAction","target":["https:\/\/www.sbn-media.de\/index.php\/datenschutz\/"]}]},{"@type":"BreadcrumbList","@id":"https:\/\/www.sbn-media.de\/index.php\/datenschutz\/#breadcrumb","itemListElement":[{"@type":"ListItem","position":1,"name":"Startseite","item":"https:\/\/www.sbn-media.de\/"},{"@type":"ListItem","position":2,"name":"Datenschutz"}]},{"@type":"WebSite","@id":"https:\/\/www.sbn-media.de\/#website","url":"https:\/\/www.sbn-media.de\/","name":"SBN Media Services","description":"Der Dienstleister f\u00fcr Filmschaffende und K\u00fcnstler","potentialAction":[{"@type":"SearchAction","target":{"@type":"EntryPoint","urlTemplate":"https:\/\/www.sbn-media.de\/?s={search_term_string}"},"query-input":"required name=search_term_string"}],"inLanguage":"de-DE"}]}},"_links":{"self":[{"href":"https:\/\/www.sbn-media.de\/index.php\/wp-json\/wp\/v2\/pages\/108"}],"collection":[{"href":"https:\/\/www.sbn-media.de\/index.php\/wp-json\/wp\/v2\/pages"}],"about":[{"href":"https:\/\/www.sbn-media.de\/index.php\/wp-json\/wp\/v2\/types\/page"}],"author":[{"embeddable":true,"href":"https:\/\/www.sbn-media.de\/index.php\/wp-json\/wp\/v2\/users\/1"}],"replies":[{"embeddable":true,"href":"https:\/\/www.sbn-media.de\/index.php\/wp-json\/wp\/v2\/comments?post=108"}],"version-history":[{"count":3,"href":"https:\/\/www.sbn-media.de\/index.php\/wp-json\/wp\/v2\/pages\/108\/revisions"}],"predecessor-version":[{"id":161,"href":"https:\/\/www.sbn-media.de\/index.php\/wp-json\/wp\/v2\/pages\/108\/revisions\/161"}],"wp:attachment":[{"href":"https:\/\/www.sbn-media.de\/index.php\/wp-json\/wp\/v2\/media?parent=108"}],"curies":[{"name":"wp","href":"https:\/\/api.w.org\/{rel}","templated":true}]}}