{"id":35,"date":"2018-04-11T13:59:00","date_gmt":"2018-04-11T13:59:00","guid":{"rendered":"https:\/\/sbn.kobrow-musikverlag.de\/?page_id=35"},"modified":"2018-10-25T15:22:49","modified_gmt":"2018-10-25T15:22:49","slug":"startseite","status":"publish","type":"page","link":"https:\/\/www.sbn-media.de\/","title":{"rendered":"Der Dienstleister f\u00fcr Filmschaffende und K\u00fcnstler"},"content":{"rendered":"<p>Sie sind Filmschaffender, K\u00fcnstler oder Produzent? Sie haben Anspruch auf Aussch\u00fcttungen bei einer Verwertungsgesellschaft und m\u00f6chten lieber den Kopf f\u00fcr Ihre kreative Arbeit frei haben? Dann helfe ich Ihnen gerne!<\/p>\n<p>Ich sorge daf\u00fcr, dass Ihre Meldungen fristgerecht bei der zust\u00e4ndigen Verwertungsgesellschaft eingehen. Ob GVL, VG Wort, VG Bild \u2013 Kunst, VFF oder VGF \u2013 durch ein modernes, EDV-gest\u00fctztes System biete ich Ihnen eine l\u00fcckenlose Erfassung s\u00e4mtlicher TV-Ausstrahlungen Ihrer Werke.<\/p>\n<p>Zudem entlaste ich Sie durch die \u00dcbernahme der gesamten Administration gegen\u00fcber der jeweiligen Verwertungsgesellschaft. So k\u00f6nnen Sie ganz in Ihrem kreativen Flow bleiben. Sollte eine Abrechnung mal nicht stimmen, k\u00f6nnen Sie weiter in Ruhe sch\u00f6pferisch t\u00e4tig sein, w\u00e4hrend ich umgehend eine Reklamation erstelle.<\/p>\n","protected":false},"excerpt":{"rendered":"<p>Sie sind Filmschaffender, K\u00fcnstler oder Produzent? Sie haben Anspruch auf Aussch\u00fcttungen bei einer Verwertungsgesellschaft und m\u00f6chten lieber den Kopf f\u00fcr Ihre kreative Arbeit frei haben? Dann helfe ich Ihnen gerne! Ich sorge daf\u00fcr, dass Ihre Meldungen fristgerecht bei der zust\u00e4ndigen Verwertungsgesellschaft eingehen. Ob GVL, VG Wort, VG Bild \u2013 Kunst, VFF oder VGF \u2013 durch &hellip; <\/p>\n<p class=\"link-more\"><a href=\"https:\/\/www.sbn-media.de\/\" class=\"more-link\"><span class=\"screen-reader-text\">\u201eDer Dienstleister f\u00fcr Filmschaffende und K\u00fcnstler\u201c<\/span> weiterlesen<\/a><\/p>\n","protected":false},"author":1,"featured_media":0,"parent":0,"menu_order":0,"comment_status":"closed","ping_status":"closed","template":"","meta":[],"yoast_head":"<!-- This site is optimized with the Yoast SEO plugin v21.1 - https:\/\/yoast.com\/wordpress\/plugins\/seo\/ -->\n<title>Der Dienstleister f\u00fcr Filmschaffende und K\u00fcnstler - SBN Media Services<\/title>\n<meta name=\"robots\" content=\"index, follow, max-snippet:-1, max-image-preview:large, max-video-preview:-1\" \/>\n<link rel=\"canonical\" href=\"https:\/\/www.sbn-media.de\/\" \/>\n<meta property=\"og:locale\" content=\"de_DE\" \/>\n<meta property=\"og:type\" content=\"article\" \/>\n<meta property=\"og:title\" content=\"Der Dienstleister f\u00fcr Filmschaffende und K\u00fcnstler - SBN Media Services\" \/>\n<meta property=\"og:description\" content=\"Sie sind Filmschaffender, K\u00fcnstler oder Produzent? Sie haben Anspruch auf Aussch\u00fcttungen bei einer Verwertungsgesellschaft und m\u00f6chten lieber den Kopf f\u00fcr Ihre kreative Arbeit frei haben? Dann helfe ich Ihnen gerne! Ich sorge daf\u00fcr, dass Ihre Meldungen fristgerecht bei der zust\u00e4ndigen Verwertungsgesellschaft eingehen. Ob GVL, VG Wort, VG Bild \u2013 Kunst, VFF oder VGF \u2013 durch &hellip; \u201eDer Dienstleister f\u00fcr Filmschaffende und K\u00fcnstler\u201c weiterlesen\" \/>\n<meta property=\"og:url\" content=\"https:\/\/www.sbn-media.de\/\" \/>\n<meta property=\"og:site_name\" content=\"SBN Media Services\" \/>\n<meta property=\"article:modified_time\" content=\"2018-10-25T15:22:49+00:00\" \/>\n<meta name=\"twitter:card\" content=\"summary_large_image\" \/>\n<meta name=\"twitter:label1\" content=\"Gesch\u00e4tzte Lesezeit\" \/>\n\t<meta name=\"twitter:data1\" content=\"1 Minute\" \/>\n<script type=\"application\/ld+json\" class=\"yoast-schema-graph\">{\"@context\":\"https:\/\/schema.org\",\"@graph\":[{\"@type\":\"WebPage\",\"@id\":\"https:\/\/www.sbn-media.de\/\",\"url\":\"https:\/\/www.sbn-media.de\/\",\"name\":\"Der Dienstleister f\u00fcr Filmschaffende und K\u00fcnstler - SBN Media Services\",\"isPartOf\":{\"@id\":\"https:\/\/www.sbn-media.de\/#website\"},\"datePublished\":\"2018-04-11T13:59:00+00:00\",\"dateModified\":\"2018-10-25T15:22:49+00:00\",\"breadcrumb\":{\"@id\":\"https:\/\/www.sbn-media.de\/#breadcrumb\"},\"inLanguage\":\"de-DE\",\"potentialAction\":[{\"@type\":\"ReadAction\",\"target\":[\"https:\/\/www.sbn-media.de\/\"]}]},{\"@type\":\"BreadcrumbList\",\"@id\":\"https:\/\/www.sbn-media.de\/#breadcrumb\",\"itemListElement\":[{\"@type\":\"ListItem\",\"position\":1,\"name\":\"Startseite\",\"item\":\"https:\/\/www.sbn-media.de\/\"},{\"@type\":\"ListItem\",\"position\":2,\"name\":\"Der Dienstleister f\u00fcr Filmschaffende und K\u00fcnstler\"}]},{\"@type\":\"WebSite\",\"@id\":\"https:\/\/www.sbn-media.de\/#website\",\"url\":\"https:\/\/www.sbn-media.de\/\",\"name\":\"SBN Media Services\",\"description\":\"Der Dienstleister f\u00fcr Filmschaffende und K\u00fcnstler\",\"potentialAction\":[{\"@type\":\"SearchAction\",\"target\":{\"@type\":\"EntryPoint\",\"urlTemplate\":\"https:\/\/www.sbn-media.de\/?s={search_term_string}\"},\"query-input\":\"required name=search_term_string\"}],\"inLanguage\":\"de-DE\"}]}<\/script>\n<!-- \/ Yoast SEO plugin. -->","yoast_head_json":{"title":"Der Dienstleister f\u00fcr Filmschaffende und K\u00fcnstler - SBN Media Services","robots":{"index":"index","follow":"follow","max-snippet":"max-snippet:-1","max-image-preview":"max-image-preview:large","max-video-preview":"max-video-preview:-1"},"canonical":"https:\/\/www.sbn-media.de\/","og_locale":"de_DE","og_type":"article","og_title":"Der Dienstleister f\u00fcr Filmschaffende und K\u00fcnstler - SBN Media Services","og_description":"Sie sind Filmschaffender, K\u00fcnstler oder Produzent? Sie haben Anspruch auf Aussch\u00fcttungen bei einer Verwertungsgesellschaft und m\u00f6chten lieber den Kopf f\u00fcr Ihre kreative Arbeit frei haben? Dann helfe ich Ihnen gerne! Ich sorge daf\u00fcr, dass Ihre Meldungen fristgerecht bei der zust\u00e4ndigen Verwertungsgesellschaft eingehen. Ob GVL, VG Wort, VG Bild \u2013 Kunst, VFF oder VGF \u2013 durch &hellip; \u201eDer Dienstleister f\u00fcr Filmschaffende und K\u00fcnstler\u201c weiterlesen","og_url":"https:\/\/www.sbn-media.de\/","og_site_name":"SBN Media Services","article_modified_time":"2018-10-25T15:22:49+00:00","twitter_card":"summary_large_image","twitter_misc":{"Gesch\u00e4tzte Lesezeit":"1 Minute"},"schema":{"@context":"https:\/\/schema.org","@graph":[{"@type":"WebPage","@id":"https:\/\/www.sbn-media.de\/","url":"https:\/\/www.sbn-media.de\/","name":"Der Dienstleister f\u00fcr Filmschaffende und K\u00fcnstler - SBN Media Services","isPartOf":{"@id":"https:\/\/www.sbn-media.de\/#website"},"datePublished":"2018-04-11T13:59:00+00:00","dateModified":"2018-10-25T15:22:49+00:00","breadcrumb":{"@id":"https:\/\/www.sbn-media.de\/#breadcrumb"},"inLanguage":"de-DE","potentialAction":[{"@type":"ReadAction","target":["https:\/\/www.sbn-media.de\/"]}]},{"@type":"BreadcrumbList","@id":"https:\/\/www.sbn-media.de\/#breadcrumb","itemListElement":[{"@type":"ListItem","position":1,"name":"Startseite","item":"https:\/\/www.sbn-media.de\/"},{"@type":"ListItem","position":2,"name":"Der Dienstleister f\u00fcr Filmschaffende und K\u00fcnstler"}]},{"@type":"WebSite","@id":"https:\/\/www.sbn-media.de\/#website","url":"https:\/\/www.sbn-media.de\/","name":"SBN Media Services","description":"Der Dienstleister f\u00fcr Filmschaffende und K\u00fcnstler","potentialAction":[{"@type":"SearchAction","target":{"@type":"EntryPoint","urlTemplate":"https:\/\/www.sbn-media.de\/?s={search_term_string}"},"query-input":"required name=search_term_string"}],"inLanguage":"de-DE"}]}},"_links":{"self":[{"href":"https:\/\/www.sbn-media.de\/index.php\/wp-json\/wp\/v2\/pages\/35"}],"collection":[{"href":"https:\/\/www.sbn-media.de\/index.php\/wp-json\/wp\/v2\/pages"}],"about":[{"href":"https:\/\/www.sbn-media.de\/index.php\/wp-json\/wp\/v2\/types\/page"}],"author":[{"embeddable":true,"href":"https:\/\/www.sbn-media.de\/index.php\/wp-json\/wp\/v2\/users\/1"}],"replies":[{"embeddable":true,"href":"https:\/\/www.sbn-media.de\/index.php\/wp-json\/wp\/v2\/comments?post=35"}],"version-history":[{"count":11,"href":"https:\/\/www.sbn-media.de\/index.php\/wp-json\/wp\/v2\/pages\/35\/revisions"}],"predecessor-version":[{"id":141,"href":"https:\/\/www.sbn-media.de\/index.php\/wp-json\/wp\/v2\/pages\/35\/revisions\/141"}],"wp:attachment":[{"href":"https:\/\/www.sbn-media.de\/index.php\/wp-json\/wp\/v2\/media?parent=35"}],"curies":[{"name":"wp","href":"https:\/\/api.w.org\/{rel}","templated":true}]}}