{"id":36,"date":"2018-04-11T13:59:00","date_gmt":"2018-04-11T13:59:00","guid":{"rendered":"https:\/\/sbn.kobrow-musikverlag.de\/?page_id=36"},"modified":"2018-10-25T15:26:22","modified_gmt":"2018-10-25T15:26:22","slug":"ueber-mich","status":"publish","type":"page","link":"https:\/\/www.sbn-media.de\/index.php\/startseite\/ueber-mich\/","title":{"rendered":"\u00dcber mich"},"content":{"rendered":"<p><img decoding=\"async\" loading=\"lazy\" class=\"alignright wp-image-134\" src=\"https:\/\/test.sbn-media.de\/wp-content\/uploads\/2018\/10\/Sabine_2_small-300x278.jpg\" alt=\"\" width=\"290\" height=\"268\" srcset=\"https:\/\/www.sbn-media.de\/wp-content\/uploads\/2018\/10\/Sabine_2_small-300x278.jpg 300w, https:\/\/www.sbn-media.de\/wp-content\/uploads\/2018\/10\/Sabine_2_small.jpg 320w\" sizes=\"(max-width: 290px) 100vw, 290px\" \/><\/p>\n<p>Seit 2012 bin ich als Dienstleister f\u00fcr die Administration gegen\u00fcber Verwertungsgesellschaften t\u00e4tig. Mit \u00fcber 50 zufriedenen Vertragspartnern, darunter Regisseure, Drehbuchautoren, Editoren, Produzenten, Schauspieler, Musiker, S\u00e4nger und k\u00fcnstlerische Produzenten, konnte ich bereits ein gro\u00dfes Spektrum an Wissen und Erfahrungen sammeln.<\/p>\n<p>\u00dcber Ihre Anfrage freue ich mich.<\/p>\n<p>&nbsp;<\/p>\n<p>&nbsp;<\/p>\n","protected":false},"excerpt":{"rendered":"<p>Seit 2012 bin ich als Dienstleister f\u00fcr die Administration gegen\u00fcber Verwertungsgesellschaften t\u00e4tig. Mit \u00fcber 50 zufriedenen Vertragspartnern, darunter Regisseure, Drehbuchautoren, Editoren, Produzenten, Schauspieler, Musiker, S\u00e4nger und k\u00fcnstlerische Produzenten, konnte ich bereits ein gro\u00dfes Spektrum an Wissen und Erfahrungen sammeln. \u00dcber Ihre Anfrage freue ich mich. &nbsp; &nbsp;<\/p>\n","protected":false},"author":1,"featured_media":102,"parent":35,"menu_order":0,"comment_status":"closed","ping_status":"closed","template":"","meta":[],"yoast_head":"<!-- This site is optimized with the Yoast SEO plugin v21.1 - https:\/\/yoast.com\/wordpress\/plugins\/seo\/ -->\n<title>\u00dcber mich - SBN Media Services<\/title>\n<meta name=\"robots\" content=\"index, follow, max-snippet:-1, max-image-preview:large, max-video-preview:-1\" \/>\n<link rel=\"canonical\" href=\"https:\/\/www.sbn-media.de\/index.php\/startseite\/ueber-mich\/\" \/>\n<meta property=\"og:locale\" content=\"de_DE\" \/>\n<meta property=\"og:type\" content=\"article\" \/>\n<meta property=\"og:title\" content=\"\u00dcber mich - SBN Media Services\" \/>\n<meta property=\"og:description\" content=\"Seit 2012 bin ich als Dienstleister f\u00fcr die Administration gegen\u00fcber Verwertungsgesellschaften t\u00e4tig. Mit \u00fcber 50 zufriedenen Vertragspartnern, darunter Regisseure, Drehbuchautoren, Editoren, Produzenten, Schauspieler, Musiker, S\u00e4nger und k\u00fcnstlerische Produzenten, konnte ich bereits ein gro\u00dfes Spektrum an Wissen und Erfahrungen sammeln. \u00dcber Ihre Anfrage freue ich mich. &nbsp; &nbsp;\" \/>\n<meta property=\"og:url\" content=\"https:\/\/www.sbn-media.de\/index.php\/startseite\/ueber-mich\/\" \/>\n<meta property=\"og:site_name\" content=\"SBN Media Services\" \/>\n<meta property=\"article:modified_time\" content=\"2018-10-25T15:26:22+00:00\" \/>\n<meta property=\"og:image\" content=\"https:\/\/www.sbn-media.de\/wp-content\/uploads\/2018\/10\/iStock-847129204_small.jpg\" \/>\n\t<meta property=\"og:image:width\" content=\"2048\" \/>\n\t<meta property=\"og:image:height\" content=\"1381\" \/>\n\t<meta property=\"og:image:type\" content=\"image\/jpeg\" \/>\n<meta name=\"twitter:card\" content=\"summary_large_image\" \/>\n<script type=\"application\/ld+json\" class=\"yoast-schema-graph\">{\"@context\":\"https:\/\/schema.org\",\"@graph\":[{\"@type\":\"WebPage\",\"@id\":\"https:\/\/www.sbn-media.de\/index.php\/startseite\/ueber-mich\/\",\"url\":\"https:\/\/www.sbn-media.de\/index.php\/startseite\/ueber-mich\/\",\"name\":\"\u00dcber mich - SBN Media Services\",\"isPartOf\":{\"@id\":\"https:\/\/www.sbn-media.de\/#website\"},\"datePublished\":\"2018-04-11T13:59:00+00:00\",\"dateModified\":\"2018-10-25T15:26:22+00:00\",\"breadcrumb\":{\"@id\":\"https:\/\/www.sbn-media.de\/index.php\/startseite\/ueber-mich\/#breadcrumb\"},\"inLanguage\":\"de-DE\",\"potentialAction\":[{\"@type\":\"ReadAction\",\"target\":[\"https:\/\/www.sbn-media.de\/index.php\/startseite\/ueber-mich\/\"]}]},{\"@type\":\"BreadcrumbList\",\"@id\":\"https:\/\/www.sbn-media.de\/index.php\/startseite\/ueber-mich\/#breadcrumb\",\"itemListElement\":[{\"@type\":\"ListItem\",\"position\":1,\"name\":\"Startseite\",\"item\":\"https:\/\/www.sbn-media.de\/\"},{\"@type\":\"ListItem\",\"position\":2,\"name\":\"Der Dienstleister f\u00fcr Filmschaffende und K\u00fcnstler\",\"item\":\"https:\/\/www.sbn-media.de\/\"},{\"@type\":\"ListItem\",\"position\":3,\"name\":\"\u00dcber mich\"}]},{\"@type\":\"WebSite\",\"@id\":\"https:\/\/www.sbn-media.de\/#website\",\"url\":\"https:\/\/www.sbn-media.de\/\",\"name\":\"SBN Media Services\",\"description\":\"Der Dienstleister f\u00fcr Filmschaffende und K\u00fcnstler\",\"potentialAction\":[{\"@type\":\"SearchAction\",\"target\":{\"@type\":\"EntryPoint\",\"urlTemplate\":\"https:\/\/www.sbn-media.de\/?s={search_term_string}\"},\"query-input\":\"required name=search_term_string\"}],\"inLanguage\":\"de-DE\"}]}<\/script>\n<!-- \/ Yoast SEO plugin. -->","yoast_head_json":{"title":"\u00dcber mich - SBN Media Services","robots":{"index":"index","follow":"follow","max-snippet":"max-snippet:-1","max-image-preview":"max-image-preview:large","max-video-preview":"max-video-preview:-1"},"canonical":"https:\/\/www.sbn-media.de\/index.php\/startseite\/ueber-mich\/","og_locale":"de_DE","og_type":"article","og_title":"\u00dcber mich - SBN Media Services","og_description":"Seit 2012 bin ich als Dienstleister f\u00fcr die Administration gegen\u00fcber Verwertungsgesellschaften t\u00e4tig. Mit \u00fcber 50 zufriedenen Vertragspartnern, darunter Regisseure, Drehbuchautoren, Editoren, Produzenten, Schauspieler, Musiker, S\u00e4nger und k\u00fcnstlerische Produzenten, konnte ich bereits ein gro\u00dfes Spektrum an Wissen und Erfahrungen sammeln. \u00dcber Ihre Anfrage freue ich mich. &nbsp; &nbsp;","og_url":"https:\/\/www.sbn-media.de\/index.php\/startseite\/ueber-mich\/","og_site_name":"SBN Media Services","article_modified_time":"2018-10-25T15:26:22+00:00","og_image":[{"width":2048,"height":1381,"url":"https:\/\/www.sbn-media.de\/wp-content\/uploads\/2018\/10\/iStock-847129204_small.jpg","type":"image\/jpeg"}],"twitter_card":"summary_large_image","schema":{"@context":"https:\/\/schema.org","@graph":[{"@type":"WebPage","@id":"https:\/\/www.sbn-media.de\/index.php\/startseite\/ueber-mich\/","url":"https:\/\/www.sbn-media.de\/index.php\/startseite\/ueber-mich\/","name":"\u00dcber mich - SBN Media Services","isPartOf":{"@id":"https:\/\/www.sbn-media.de\/#website"},"datePublished":"2018-04-11T13:59:00+00:00","dateModified":"2018-10-25T15:26:22+00:00","breadcrumb":{"@id":"https:\/\/www.sbn-media.de\/index.php\/startseite\/ueber-mich\/#breadcrumb"},"inLanguage":"de-DE","potentialAction":[{"@type":"ReadAction","target":["https:\/\/www.sbn-media.de\/index.php\/startseite\/ueber-mich\/"]}]},{"@type":"BreadcrumbList","@id":"https:\/\/www.sbn-media.de\/index.php\/startseite\/ueber-mich\/#breadcrumb","itemListElement":[{"@type":"ListItem","position":1,"name":"Startseite","item":"https:\/\/www.sbn-media.de\/"},{"@type":"ListItem","position":2,"name":"Der Dienstleister f\u00fcr Filmschaffende und K\u00fcnstler","item":"https:\/\/www.sbn-media.de\/"},{"@type":"ListItem","position":3,"name":"\u00dcber mich"}]},{"@type":"WebSite","@id":"https:\/\/www.sbn-media.de\/#website","url":"https:\/\/www.sbn-media.de\/","name":"SBN Media Services","description":"Der Dienstleister f\u00fcr Filmschaffende und K\u00fcnstler","potentialAction":[{"@type":"SearchAction","target":{"@type":"EntryPoint","urlTemplate":"https:\/\/www.sbn-media.de\/?s={search_term_string}"},"query-input":"required name=search_term_string"}],"inLanguage":"de-DE"}]}},"_links":{"self":[{"href":"https:\/\/www.sbn-media.de\/index.php\/wp-json\/wp\/v2\/pages\/36"}],"collection":[{"href":"https:\/\/www.sbn-media.de\/index.php\/wp-json\/wp\/v2\/pages"}],"about":[{"href":"https:\/\/www.sbn-media.de\/index.php\/wp-json\/wp\/v2\/types\/page"}],"author":[{"embeddable":true,"href":"https:\/\/www.sbn-media.de\/index.php\/wp-json\/wp\/v2\/users\/1"}],"replies":[{"embeddable":true,"href":"https:\/\/www.sbn-media.de\/index.php\/wp-json\/wp\/v2\/comments?post=36"}],"version-history":[{"count":23,"href":"https:\/\/www.sbn-media.de\/index.php\/wp-json\/wp\/v2\/pages\/36\/revisions"}],"predecessor-version":[{"id":144,"href":"https:\/\/www.sbn-media.de\/index.php\/wp-json\/wp\/v2\/pages\/36\/revisions\/144"}],"up":[{"embeddable":true,"href":"https:\/\/www.sbn-media.de\/index.php\/wp-json\/wp\/v2\/pages\/35"}],"wp:featuredmedia":[{"embeddable":true,"href":"https:\/\/www.sbn-media.de\/index.php\/wp-json\/wp\/v2\/media\/102"}],"wp:attachment":[{"href":"https:\/\/www.sbn-media.de\/index.php\/wp-json\/wp\/v2\/media?parent=36"}],"curies":[{"name":"wp","href":"https:\/\/api.w.org\/{rel}","templated":true}]}}